{"id":1025,"date":"2019-04-24T19:59:31","date_gmt":"2019-04-24T14:59:31","guid":{"rendered":"https:\/\/www.shipenergy.com\/?page_id=1025"},"modified":"2019-04-24T23:57:40","modified_gmt":"2019-04-24T18:57:40","slug":"policy","status":"publish","type":"page","link":"https:\/\/www.shipenergy.com\/fr\/policy\/","title":{"rendered":"Politique de confidentialit\u00e9"},"content":{"rendered":"<p>Date de prise d&rsquo;effet: April 22, 2019<\/p>\n<p>ENERGY TRANSPORTATION GROUP (\u00ab\u00a0nous\u00a0\u00bb, \u00ab\u00a0notre\u00a0\u00bb, \u00ab\u00a0nos\u00a0\u00bb) exploite le site web shipenergy.com et l&rsquo;application mobile ENERGY TRANSPORTATION GROUP (ci-apr\u00e8s d\u00e9sign\u00e9s par le terme \u00ab\u00a0Service\u00a0\u00bb).<\/p>\n<p>Cette page vous explique nos politiques en mati\u00e8re de collecte, d&rsquo;utilisation et de communication des donn\u00e9es \u00e0 caract\u00e8re personnel lorsque vous utilisez notre Service ainsi que les choix qui s&rsquo;offrent \u00e0 vous en ce qui concerne ces donn\u00e9es.<\/p>\n<p>Nous utilisons vos donn\u00e9es pour fournir et am\u00e9liorer le Service. En utilisant le Service, vous consentez \u00e0 la collecte et \u00e0 l&rsquo;utilisation d&rsquo;informations conform\u00e9ment \u00e0 la pr\u00e9sente politique. Sauf d\u00e9finition contraire dans la pr\u00e9sente Politique de Confidentialit\u00e9, les termes utilis\u00e9s dans la pr\u00e9sente Politique de Confidentialit\u00e9 ont la m\u00eame signification que dans nos Conditions G\u00e9n\u00e9rales.<\/p>\n<h3>D\u00e9finitions<\/h3>\n<p><strong>Service<\/strong><\/p>\n<p>Par Service on entend le site web shipenergy.com et l&rsquo;application mobile ENERGY TRANSPORTATION GROUP exploit\u00e9s par ENERGY TRANSPORTATION GROUP<\/p>\n<p><strong>Donn\u00e9es \u00e0 caract\u00e8re personnel<\/strong><\/p>\n<p>Donn\u00e9es \u00e0 Caract\u00e8re Personnel d\u00e9signe des donn\u00e9es concernant un individu vivant qui peut \u00eatre identifi\u00e9 \u00e0 partir de ces donn\u00e9es (ou \u00e0 partir de ces donn\u00e9es et d&rsquo;autres informations en notre possession ou susceptibles d&rsquo;entrer en notre possession).<\/p>\n<p><strong>Donn\u00e9es d&rsquo;Utilisation<\/strong><\/p>\n<p>Les Donn\u00e9es d&rsquo;Utilisation sont recueillies automatiquement et sont g\u00e9n\u00e9r\u00e9es soit par l&rsquo;utilisation du Service, soit par l&rsquo;infrastructure du Service proprement dite (par exemple, dur\u00e9e de consultation d&rsquo;une page).<\/p>\n<p><strong>Cookies<\/strong><\/p>\n<p>Les cookies sont de petits fichiers enregistr\u00e9s sur votre dispositif (ordinateur ou dispositif mobile).<\/p>\n<p>&nbsp;<\/p>\n<h3>Collecte et utilisation des donn\u00e9es<\/h3>\n<p>Nous recueillons plusieurs types de donn\u00e9es \u00e0 diff\u00e9rentes fins en vue de vous fournir notre Service et de l&rsquo;am\u00e9liorer.<\/p>\n<h3>Types de donn\u00e9es recueillies<\/h3>\n<h4>Donn\u00e9es \u00e0 Caract\u00e8re Personnel<\/h4>\n<p>Lorsque vous utilisez notre Service, il est possible que nous vous demandions de nous fournir certaines donn\u00e9es personnelles nominatives qui peuvent servir \u00e0 vous contacter ou \u00e0 vous identifier (\u00ab\u00a0Donn\u00e9es \u00e0 Caract\u00e8re Personnel\u00a0\u00bb). Les donn\u00e9es personnelles nominatives peuvent comprendre, mais de mani\u00e8re non limitative:<\/p>\n<ul>\n<li>Adresse e-mail<\/li>\n<li>Pr\u00e9nom et nom de famille<\/li>\n<li>Num\u00e9ro de t\u00e9l\u00e9phone<\/li>\n<li>Adresse, ville, province, \u00e9tat, code postal<\/li>\n<li>Cookies et Donn\u00e9es d&rsquo;Utilisation<\/li>\n<\/ul>\n<p>Nous pouvons utiliser vos Donn\u00e9es \u00e0 Caract\u00e8re Personnel pour vous envoyer des bulletins d&rsquo;information, des communications commerciales ou des promotions et d&rsquo;autres informations susceptibles de vous int\u00e9resser. Vous pouvez choisir de ne recevoir aucune communication de notre part ou de ne recevoir que certaines communications en cliquant sur le lien de d\u00e9sabonnement ou en suivant les instructions qui figurent dans chacun des e-mails que nous envoyons.<\/p>\n<h4>Donn\u00e9es d&rsquo;Utilisation<\/h4>\n<p>Nous pouvons \u00e9galement recueillir les informations que votre navigateur envoie chaque fois que vous consultez notre Service ou que vous acc\u00e9dez au Service par le biais d&rsquo;un dispositif mobile (\u00ab\u00a0Donn\u00e9es d&rsquo;Utilisation\u00a0\u00bb).<\/p>\n<p>Ces Donn\u00e9es d&rsquo;Utilisation peuvent comprendre des informations telles que l&rsquo;adresse de protocole Internet (c.-\u00e0-d. l&rsquo;adresse IP) de votre ordinateur, le type de navigateur, la version du navigateur, les pages de notre Service que vous consultez, la date et l&rsquo;heure de votre visite, le temps pass\u00e9 sur ces pages, les identifiants uniques de dispositifs ainsi que d&rsquo;autres donn\u00e9es de diagnostic.<\/p>\n<p>Lorsque vous acc\u00e9dez au Service au moyen d&rsquo;un dispositif mobile, ces Donn\u00e9es d&rsquo;Utilisation peuvent comprendre des informations telles que le type de dispositif mobile que vous utilisez, l&rsquo;identifiant unique de votre dispositif mobile, l&rsquo;adresse IP de votre dispositif mobile, votre syst\u00e8me d&rsquo;exploitation mobile, le type de navigateur Internet mobile que vous utilisez, les identifiants uniques de dispositifs ainsi que d&rsquo;autres donn\u00e9es de diagnostic.<\/p>\n<h4>Donn\u00e9es de localisation<\/h4>\n<p>Nous pouvons utiliser et stocker des donn\u00e9es concernant votre position g\u00e9ographique si vous nous y autorisez (\u00ab\u00a0Donn\u00e9es de Localisation\u00a0\u00bb). Nous utilisons ces donn\u00e9es pour fournir les fonctionnalit\u00e9s de notre Service et pour am\u00e9liorer et personnaliser notre Service.<\/p>\n<p>Lorsque vous utilisez notre Service, vous pouvez activer ou d\u00e9sactiver les services de localisation \u00e0 tout moment en utilisant les param\u00e8tres de votre dispositif.<\/p>\n<h4>Suivi et donn\u00e9es de cookies<\/h4>\n<p>Nous avons recours \u00e0 des cookies et \u00e0 d&rsquo;autres technologies de suivi similaires pour effectuer un suivi des activit\u00e9s effectu\u00e9es dans notre Service, et nous conservons certaines informations.<\/p>\n<p>Les cookies sont des fichiers \u00e0 faible volume de donn\u00e9es pouvant comporter un identifiant unique anonyme. Les cookies sont envoy\u00e9s \u00e0 votre navigateur depuis un site web et sont stock\u00e9s sur votre dispositif. D&rsquo;autres technologies de suivi telles que les pixels, les balises et les scripts sont \u00e9galement utilis\u00e9es pour recueillir et suivre des informations et afin d&rsquo;am\u00e9liorer et d&rsquo;analyser notre Service.<\/p>\n<p>Vous pouvez demander \u00e0 votre navigateur de refuser tous les cookies ou de vous avertir lorsqu&rsquo;un cookie est envoy\u00e9. Toutefois, si vous n&rsquo;acceptez pas les cookies, il se peut que vous ne puissiez pas utiliser certains \u00e9l\u00e9ments de notre Service.<\/p>\n<p>&nbsp;<\/p>\n<p>Exemples de cookies que nous utilisons :<\/p>\n<ul>\n<li><strong>Cookies de Session.<\/strong> Nous utilisons des Cookies de Session pour faire fonctionner notre Service.<\/li>\n<li><strong>Cookies de Pr\u00e9f\u00e9rences.<\/strong> Nous utilisons des Cookies de Pr\u00e9f\u00e9rences pour m\u00e9moriser vos pr\u00e9f\u00e9rences et vos diff\u00e9rents param\u00e8tres.<\/li>\n<li><strong>Cookies de S\u00e9curit\u00e9.<\/strong> Nous utilisons des Cookies de S\u00e9curit\u00e9 pour des raisons de s\u00e9curit\u00e9.<\/li>\n<\/ul>\n<p><strong>Cookies Publicitaires.<\/strong> Les Cookies Publicitaires nous permettent de vous pr\u00e9senter des publicit\u00e9s susceptibles de vous int\u00e9resser et de correspondre \u00e0 vos centres d&rsquo;int\u00e9r\u00eat<\/p>\n<p>&nbsp;<\/p>\n<h2>Utilisation des donn\u00e9es<\/h2>\n<p>ENERGY TRANSPORTATION GROUP utilise les donn\u00e9es recueillies \u00e0 des fins diverses:<\/p>\n<ul>\n<li>Pour fournir et assurer notre Service<\/li>\n<li>Pour vous faire part des changements apport\u00e9s \u00e0 notre Service<\/li>\n<li>Pour vous permettre d&rsquo;utiliser les fonctions interactives de notre Service quand vous le souhaitez<\/li>\n<li>Pour assurer l&rsquo;assistance client<\/li>\n<li>Pour recueillir des donn\u00e9es pr\u00e9cieuses ou d&rsquo;analyses qui nous permettront d&rsquo;am\u00e9liorer notre Service<\/li>\n<li>Pour contr\u00f4ler l&rsquo;utilisation de notre Service<\/li>\n<li>Pour d\u00e9tecter, pr\u00e9venir et r\u00e9gler les probl\u00e8mes techniques<\/li>\n<li>Pour vous faire part de l&rsquo;actualit\u00e9, d&rsquo;offres sp\u00e9ciales et d&rsquo;informations d&rsquo;ordre g\u00e9n\u00e9ral concernant d&rsquo;autres marchandises, services et \u00e9v\u00e9nements que nous proposons et qui sont similaires \u00e0 ceux que vous avez d\u00e9j\u00e0 achet\u00e9s ou au sujet desquels vous vous \u00eates d\u00e9j\u00e0 renseign\u00e9, sauf si vous avez d\u00e9j\u00e0 indiqu\u00e9 que vous ne voulez pas recevoir d&rsquo;informations de cette nature.<\/li>\n<\/ul>\n<h2>Transfert des donn\u00e9es<\/h2>\n<p>Les informations vous concernant, notamment vos Donn\u00e9es \u00e0 Caract\u00e8re Personnel, peuvent \u00eatre transf\u00e9r\u00e9es de votre r\u00e9gion, province, pays, ou autre division territoriale vers des ordinateurs \u2013 et stock\u00e9es sur ces derniers \u2013 situ\u00e9s \u00e0 un endroit o\u00f9 la l\u00e9gislation relative \u00e0 la protection des donn\u00e9es diff\u00e8re de celle du territoire o\u00f9 vous r\u00e9sidez.<\/p>\n<p>Si vous r\u00e9sidez hors de\/du Canada et que vous choisissez de nous communiquer des informations, sachez que nous transf\u00e9rons les donn\u00e9es, y compris les Donn\u00e9es \u00e0 Caract\u00e8re Personnel, vers le\/la Canada et que nous les y traitons.<\/p>\n<p>En acceptant la pr\u00e9sente Politique de Confidentialit\u00e9 puis en soumettant ces informations, vous consentez \u00e0 ce transfert.<\/p>\n<p>ENERGY TRANSPORTATION GROUP prendra toutes les mesures raisonnablement n\u00e9cessaires pour faire en sorte que vos donn\u00e9es soient trait\u00e9es de mani\u00e8re s\u00e9curis\u00e9e et conform\u00e9ment \u00e0 la pr\u00e9sente Politique de Confidentialit\u00e9 et vos Donn\u00e9es \u00e0 Caract\u00e8re Personnel ne seront transf\u00e9r\u00e9es vers aucune organisation ni aucun pays \u00e0 moins que des contr\u00f4les ad\u00e9quats ne soient en place, notamment en ce qui concerne la s\u00e9curit\u00e9 de vos donn\u00e9es et d&rsquo;autres donn\u00e9es personnelles.<\/p>\n<p>&nbsp;<\/p>\n<h2>Communication de donn\u00e9es<\/h2>\n<h3>Communication de donn\u00e9es aux forces de l&rsquo;ordre<\/h3>\n<p>Dans certaines circonstances, ENERGY TRANSPORTATION GROUP peut \u00eatre tenue de communiquer vos Donn\u00e9es \u00e0 Caract\u00e8re Personnel si la loi l&rsquo;exige ou en r\u00e9ponse \u00e0 des demandes valides \u00e9manant de pouvoirs publics (par ex. un tribunal ou un organisme gouvernemental).<\/p>\n<h3>Exigences l\u00e9gales<\/h3>\n<p>ENERGY TRANSPORTATION GROUP peut communiquer vos Donn\u00e9es \u00e0 Caract\u00e8re Personnel si elle estime de bonne foi que cela est n\u00e9cessaire pour:<\/p>\n<ul>\n<li>S&rsquo;acquitter d&rsquo;une obligation l\u00e9gale<\/li>\n<li>Prot\u00e9ger et d\u00e9fendre les droits ou les biens de ENERGY TRANSPORTATION GROUP<\/li>\n<li>Pr\u00e9venir d&rsquo;\u00e9ventuels actes r\u00e9pr\u00e9hensibles ou enqu\u00eater sur de tels actes dans le cadre du Service<\/li>\n<li>Assurer la s\u00e9curit\u00e9 personnelle des utilisateurs du Service ou du public<\/li>\n<li>Se prot\u00e9ger contre la responsabilit\u00e9 civile<\/li>\n<\/ul>\n<h2>S\u00e9curit\u00e9 des donn\u00e9es<\/h2>\n<p>La s\u00e9curit\u00e9 de vos donn\u00e9es nous tient \u00e0 c\u0153ur. Toutefois, n&rsquo;oubliez pas qu&rsquo;aucune m\u00e9thode de transmission de donn\u00e9es par Internet ou m\u00e9thode de stockage \u00e9lectronique n&rsquo;est s\u00fbre \u00e0 100 %. Bien que nous nous efforcions d&rsquo;utiliser des m\u00e9thodes commercialement acceptables pour prot\u00e9ger vos Donn\u00e9es \u00e0 Caract\u00e8re Personnel, nous ne pouvons pas leur garantir une s\u00e9curit\u00e9 absolue.<\/p>\n<h2>Signaux \u00ab\u00a0Ne pas me suivre\u00a0\u00bb<\/h2>\n<p>Nous ne prenons pas en charge \u00ab\u00a0Ne pas me suivre\u00a0\u00bb (\u00ab\u00a0NPS\u00a0\u00bb). \u00ab\u00a0Ne pas me suivre\u00a0\u00bb est une pr\u00e9f\u00e9rence que vous pouvez d\u00e9finir dans votre navigateur web pour indiquer aux sites web que vous ne voulez pas \u00eatre suivi.<\/p>\n<p>Vous pouvez activer ou d\u00e9sactiver \u00ab\u00a0Ne pas me suivre\u00a0\u00bb en vous rendant sur la page Pr\u00e9f\u00e9rences ou Param\u00e8tres de votre navigateur web.<\/p>\n<h2>Prestataires de services<\/h2>\n<p>Nous pouvons faire appel \u00e0 des soci\u00e9t\u00e9s tierces et \u00e0 des tierces personnes pour faciliter la prestation de notre Service (\u00ab\u00a0Prestataires de Services\u00a0\u00bb), assurer le Service en notre nom, assurer des services li\u00e9s au Service ou nous aider \u00e0 analyser la fa\u00e7on dont notre Service est utilis\u00e9.<\/p>\n<p>Ces tiers n&rsquo;ont acc\u00e8s \u00e0 vos Donn\u00e9es \u00e0 Caract\u00e8re Personnel que pour effectuer ces t\u00e2ches en notre nom et il leur est interdit de les communiquer ou de les utiliser \u00e0 quelle qu&rsquo;autre fin.<\/p>\n<h3>Analyses<\/h3>\n<p>Nous pouvons faire appel \u00e0 des Prestataires de Services tiers pour surveiller et analyser l&rsquo;utilisation de notre Service.<\/p>\n<p><strong>Google Analytics<\/strong><\/p>\n<p>Google Analytics est un service d&rsquo;analyse web propos\u00e9 par Google qui assure le suivi du trafic d&rsquo;un site web et en rend compte. Google utilise les donn\u00e9es recueillies pour suivre et surveiller l&rsquo;utilisation de notre Service. Ces donn\u00e9es sont partag\u00e9es avec d&rsquo;autres services Google. Google peut utiliser les donn\u00e9es recueillies pour contextualiser et personnaliser les annonces de son propre r\u00e9seau publicitaire.<\/p>\n<p>Pour plus de pr\u00e9cisions sur les pratiques de confidentialit\u00e9 de Google, merci de consulter la page web Protection de la vie priv\u00e9e et conditions de Google: <a href=\"https:\/\/policies.google.com\/privacy?hl=en\">https:\/\/policies.google.com\/privacy?hl=en<\/a><\/p>\n<h3>Publicit\u00e9<\/h3>\n<p>Nous pouvons faire appel \u00e0 des Prestataires de Services tiers pour vous pr\u00e9senter des publicit\u00e9s contribuant \u00e0 soutenir et \u00e0 maintenir notre Service.<\/p>\n<p><strong>Google AdSense et cookie DoubleClick <\/strong><\/p>\n<p>GEn qualit\u00e9 de fournisseur tiers, Google utilise des cookies pour diffuser des annonces dans notre Service. Le fait que Google utilise le cookie DoubleClick permet \u00e0 Google et \u00e0 ses partenaires de diffuser des annonces aupr\u00e8s de nos utilisateurs en fonction de leur consultation de notre Service ou d&rsquo;autres sites web.<\/p>\n<p>Vous pouvez refuser que le cookie DoubleClick soit utilis\u00e9 pour des annonces bas\u00e9es sur les centres d&rsquo;int\u00e9r\u00eat en consultant la page web Google Ads Settings (param\u00e8tres Google Ads): <a href=\"http:\/\/www.google.com\/ads\/preferences\/\">http:\/\/www.google.com\/ads\/preferences\/<\/a><\/p>\n<p><strong>Bing Ads<\/strong><\/p>\n<p>Bing Ads is an advertising service provided by Microsoft Inc.<\/p>\n<p>You can opt-out from Bing Ads by following the instructions on Bing Ads Opt-out page: <a href=\"https:\/\/advertise.bingads.microsoft.com\/en-us\/resources\/policies\/personalized-ads\">https:\/\/advertise.bingads.microsoft.com\/en-us\/resources\/policies\/personalized-ads<\/a><\/p>\n<p>For more information about Bing Ads, please visit their Privacy Policy: <a href=\"https:\/\/privacy.microsoft.com\/en-us\/PrivacyStatement\">https:\/\/privacy.microsoft.com\/en-us\/PrivacyStatement<\/a><\/p>\n<h3>Remarketing comportemental<\/h3>\n<p>ENERGY TRANSPORTATION GROUP fait appel \u00e0 des services de remarketing pour vous pr\u00e9senter des annonces sur des sites de tiers apr\u00e8s que vous ayez consult\u00e9 notre Service. Nous et nos fournisseurs tiers utilisons des cookies pour fa\u00e7onner, optimiser et diffuser des annonces en fonction de votre fr\u00e9quentation ant\u00e9rieure de notre Service.<\/p>\n<p><strong>Google Ads (AdWords)<\/strong><\/p>\n<p>Le service de remarketing Google Ads (AdWords) est fourni par Google Inc.<\/p>\n<p>Vous pouvez refuser Google Analytics for Display Advertising et personnaliser les annonces Google Display Network en vous rendant sur la page Google Ads Settings (param\u00e8tres de Google Ads): <a href=\"http:\/\/www.google.com\/settings\/ads\">http:\/\/www.google.com\/settings\/ads<\/a><\/p>\n<p>Google recommande \u00e9galement d&rsquo;installer le plug-in Google Analytics Opt-out Browser Add-on &#8211; <a href=\"https:\/\/tools.google.com\/dlpage\/gaoptout\">https:\/\/tools.google.com\/dlpage\/gaoptout<\/a> &#8211; dans votre navigateur web. Le plug-in Google Analytics Opt-out Browser Add-on permet aux visiteurs d&#8217;emp\u00eacher Google Analytics de recueillir et d&rsquo;utiliser leur donn\u00e9es.<\/p>\n<p>Pour plus de pr\u00e9cisions sur les pratiques de confidentialit\u00e9 de Google, merci de consulter la page web Protection de la vie priv\u00e9e et conditions de Google: <a href=\"https:\/\/policies.google.com\/privacy?hl=en\">https:\/\/policies.google.com\/privacy?hl=en<\/a><\/p>\n<p><strong>Bing Ads Remarketing<\/strong><\/p>\n<p>Bing Ads remarketing service is provided by Microsoft Inc.<\/p>\n<p>You can opt-out of Bing Ads interest-based ads by following their instructions: <a href=\"https:\/\/advertise.bingads.microsoft.com\/en-us\/resources\/policies\/personalized-ads\">https:\/\/advertise.bingads.microsoft.com\/en-us\/resources\/policies\/personalized-ads<\/a><\/p>\n<p>You can learn more about the privacy practices and policies of Microsoft by visiting their Privacy Policy page: <a href=\"https:\/\/privacy.microsoft.com\/en-us\/PrivacyStatement\">https:\/\/privacy.microsoft.com\/en-us\/PrivacyStatement<\/a><\/p>\n<p><strong>Twitter<\/strong><\/p>\n<p>Le service de remarketing Twitter est fourni par Twitter Inc.<\/p>\n<p>Vous pouvez refuser les annonces de Twitter bas\u00e9es sur les centres d&rsquo;int\u00e9r\u00eat en suivant les instructions de Twitter: <a href=\"https:\/\/support.twitter.com\/articles\/20170405\">https:\/\/support.twitter.com\/articles\/20170405<\/a><\/p>\n<p>Pour en apprendre davantage sur les pratiques et politiques de confidentialit\u00e9 de Twitter, veuillez consulter la page de sa politique de confidentialit\u00e9: <a href=\"https:\/\/twitter.com\/privacy\">https:\/\/twitter.com\/privacy<\/a><\/p>\n<p><strong>Facebook<\/strong><\/p>\n<p>Le service de remarketing Facebook est fourni par Facebook Inc.<\/p>\n<p>Vous pouvez en savoir plus sur les publicit\u00e9s Facebook bas\u00e9es sur les centres d&rsquo;int\u00e9r\u00eat en consultant cette page <a href=\"https:\/\/www.facebook.com\/help\/164968693837950\">https:\/\/www.facebook.com\/help\/164968693837950<\/a><\/p>\n<p>Pour refuser les publicit\u00e9s Facebook bas\u00e9es sur les centres d&rsquo;int\u00e9r\u00eat, suivez ces instructions de Facebook: <a href=\"https:\/\/www.facebook.com\/help\/568137493302217\">https:\/\/www.facebook.com\/help\/568137493302217<\/a><\/p>\n<p>Facebook respecte les Principes d&rsquo;autor\u00e9gulation en mati\u00e8re de publicit\u00e9 comportementale en ligne \u00e9tablis par la Digital Advertising Alliance. Vous pouvez aussi refuser Facebook et d&rsquo;autres soci\u00e9t\u00e9s participantes par le biais de Digital Advertising Alliance aux \u00c9tats-Unis <a href=\"http:\/\/www.aboutads.info\/choices\/\">http:\/\/www.aboutads.info\/choices\/<\/a>, de Digital Advertising Alliance of Canada au Canada <a href=\"http:\/\/youradchoices.ca\/\">http:\/\/youradchoices.ca\/<\/a> ou de European Interactive Digital Advertising Alliance en Europ <a href=\"http:\/\/www.youronlinechoices.eu\/\">http:\/\/www.youronlinechoices.eu\/<\/a>, ou en utilisant les param\u00e8tres de votre dispositif mobile.<\/p>\n<p>Pour plus de pr\u00e9cisions sur les pratiques de confidentialit\u00e9 de Facebook, merci de consulter la politique de Facebook en mati\u00e8re de donn\u00e9es: <a href=\"https:\/\/www.facebook.com\/privacy\/explanation\">https:\/\/www.facebook.com\/privacy\/explanation<\/a><\/p>\n<p>&nbsp;<\/p>\n<h2>Liens pointant vers d&rsquo;autres sites<\/h2>\n<p>Il se peut que notre Service contienne des liens pointant vers d&rsquo;autres sites que nous n&rsquo;exploitons pas. Si vous cliquez sur un lien de tiers, vous serez redirig\u00e9 vers le site de ce tiers. Nous vous recommandons vivement d&rsquo;examiner la politique de confidentialit\u00e9 de chacun des sites que vous consultez.<\/p>\n<p>Nous n&rsquo;avons aucun contr\u00f4le sur le contenu, les politiques ou pratiques de confidentialit\u00e9 des sites ou services de tiers et d\u00e9clinons toute responsabilit\u00e9 en ce qui les concerne.<\/p>\n<h2>Vie priv\u00e9e des enfants<\/h2>\n<p>Notre Service ne s&rsquo;adresse pas aux personnes de moins de 18 ans (\u00ab\u00a0Enfants\u00a0\u00bb).<\/p>\n<p>Nous ne recueillons pas sciemment de donn\u00e9es personnelles nominatives aupr\u00e8s de personnes de moins de 18 ans. Si vous \u00eates un parent ou un tuteur et que vous savez que votre Enfant nous a communiqu\u00e9 des Donn\u00e9es \u00e0 Caract\u00e8re Personnel, veuillez nous contacter. Si nous apprenons que nous avons recueilli des Donn\u00e9es \u00e0 Caract\u00e8re Personnel aupr\u00e8s d&rsquo;enfants sans v\u00e9rifier s&rsquo;il y a consentement parental, nous faisons le n\u00e9cessaire pour supprimer ces informations de nos serveurs.<\/p>\n<h2>Modifications de la pr\u00e9sente Politique de Confidentialit\u00e9<\/h2>\n<p>Nous nous r\u00e9servons le droit d&rsquo;actualiser notre Politique de Confidentialit\u00e9 de temps \u00e0 autre. Nous vous informerons de toute modification en publiant la nouvelle Politique de Confidentialit\u00e9 sur cette page.<\/p>\n<p>Avant que la modification ne prenne effet, nous vous en informerons par e-mail et\/ ou en pla\u00e7ant un avis bien en vue dans notre Service et nous actualiserons la \u00ab\u00a0date de prise d&rsquo;effet\u00a0\u00bb qui figure en haut de la pr\u00e9sente Politique de Confidentialit\u00e9.<\/p>\n<p>Nous vous conseillons de consulter la pr\u00e9sente Politique de Confidentialit\u00e9 p\u00e9riodiquement pour prendre connaissance de toute modification. Les modifications apport\u00e9es \u00e0 la pr\u00e9sente Politique de Confidentialit\u00e9 prennent effet lorsqu&rsquo;elles sont publi\u00e9es sur cette page.<\/p>\n<h2>Nous contacter<\/h2>\n<p>Pour toute question relative \u00e0 la pr\u00e9sente Politique de Confidentialit\u00e9, veuillez nous contacter:<\/p>\n<ul>\n<li>Par courrier \u00e9lectronique: marketing@shipenergy.com<\/li>\n<\/ul>\n<p>&nbsp;<\/p>\n<p>&nbsp;<\/p>\n<p>&nbsp;<\/p>\n<p>&nbsp;<\/p>\n","protected":false},"excerpt":{"rendered":"<p>Date de prise d&rsquo;effet: April 22, 2019 ENERGY TRANSPORTATION GROUP (\u00ab\u00a0nous\u00a0\u00bb, \u00ab\u00a0notre\u00a0\u00bb, \u00ab\u00a0nos\u00a0\u00bb) exploite le site web shipenergy.com et l&rsquo;application mobile ENERGY TRANSPORTATION GROUP (ci-apr\u00e8s d\u00e9sign\u00e9s par le terme \u00ab\u00a0Service\u00a0\u00bb). Cette page vous explique nos politiques en mati\u00e8re de collecte, d&rsquo;utilisation et de communication des donn\u00e9es \u00e0 caract\u00e8re personnel lorsque vous utilisez notre Service ainsi que les choix qui s&rsquo;offrent \u00e0 vous en ce qui concerne ces donn\u00e9es. Nous utilisons vos donn\u00e9es pour fournir et am\u00e9liorer le Service. En utilisant le Service, vous consentez \u00e0 la collecte et \u00e0 l&rsquo;utilisation d&rsquo;informations conform\u00e9ment \u00e0 la pr\u00e9sente politique. Sauf d\u00e9finition contraire dans [&hellip;]<\/p>\n","protected":false},"author":1,"featured_media":0,"parent":0,"menu_order":0,"comment_status":"closed","ping_status":"closed","template":"template-policy.php","meta":{"_acf_changed":false,"content-type":"","footnotes":""},"class_list":["post-1025","page","type-page","status-publish","hentry"],"acf":[],"_links":{"self":[{"href":"https:\/\/www.shipenergy.com\/fr\/wp-json\/wp\/v2\/pages\/1025","targetHints":{"allow":["GET"]}}],"collection":[{"href":"https:\/\/www.shipenergy.com\/fr\/wp-json\/wp\/v2\/pages"}],"about":[{"href":"https:\/\/www.shipenergy.com\/fr\/wp-json\/wp\/v2\/types\/page"}],"author":[{"embeddable":true,"href":"https:\/\/www.shipenergy.com\/fr\/wp-json\/wp\/v2\/users\/1"}],"replies":[{"embeddable":true,"href":"https:\/\/www.shipenergy.com\/fr\/wp-json\/wp\/v2\/comments?post=1025"}],"version-history":[{"count":5,"href":"https:\/\/www.shipenergy.com\/fr\/wp-json\/wp\/v2\/pages\/1025\/revisions"}],"predecessor-version":[{"id":1739,"href":"https:\/\/www.shipenergy.com\/fr\/wp-json\/wp\/v2\/pages\/1025\/revisions\/1739"}],"wp:attachment":[{"href":"https:\/\/www.shipenergy.com\/fr\/wp-json\/wp\/v2\/media?parent=1025"}],"curies":[{"name":"wp","href":"https:\/\/api.w.org\/{rel}","templated":true}]}}